{"id":11,"date":"2023-11-02T15:53:02","date_gmt":"2023-11-02T14:53:02","guid":{"rendered":"https:\/\/tujawellness.com\/news\/?page_id=11"},"modified":"2023-11-02T15:53:02","modified_gmt":"2023-11-02T14:53:02","slug":"contacto","status":"publish","type":"page","link":"https:\/\/tujawellness.com\/news\/contacto\/","title":{"rendered":"Contacto"},"content":{"rendered":"<p>Agradecemos mucho tus comentarios y esperamos recibir contacto de tu parte.<\/p>\n<p>Si deseas ponerte en contacto con nosotros o tienes comentarios sobre nuestro sitio web, te invitamos a escribirnos a la direcci\u00f3n de correo electr\u00f3nico que se muestra a continuaci\u00f3n.<\/p>\n<p>Por favor, utiliza un asunto claro en tu mensaje para que podamos identificar tu consulta en medio de la gran cantidad de correos electr\u00f3nicos que recibimos a diario. Haremos todo lo posible para responderte lo m\u00e1s r\u00e1pido posible.<\/p>\n<p>Valoramos mucho tus comentarios en forma de cr\u00edticas o comentarios en nuestro sitio web. Por favor, no olvides dejarlos en la secci\u00f3n de comentarios que se encuentra debajo de cada art\u00edculo.<\/p>\n<p>Si tienes preguntas o comentarios sobre los productos que revisamos, te invitamos a expresar tus opiniones en la secci\u00f3n de comentarios relacionada.<\/p>\n<p>Es importante destacar que no vendemos ni almacenamos los productos que revisamos. Si tienes problemas con la compra, te recomendamos que te pongas en contacto directamente con el fabricante.<\/p>\n<p>Lamentablemente, debido al gran volumen de preguntas que recibimos, no podemos responder a correos electr\u00f3nicos relacionados con la compra de suplementos alimenticios.<\/p>\n<p>Para obtener informaci\u00f3n adicional, te invitamos a ponerte en contacto con nosotros en la siguiente direcci\u00f3n de correo electr\u00f3nico: Contacto: info@tujawellness.com.<\/p>\n","protected":false},"excerpt":{"rendered":"<p>Agradecemos mucho tus comentarios y esperamos recibir contacto de tu parte. Si deseas ponerte en contacto con nosotros o tienes comentarios sobre nuestro sitio web, te invitamos a escribirnos a la direcci\u00f3n de correo electr\u00f3nico que se muestra a continuaci\u00f3n. Por favor, utiliza un asunto claro en tu mensaje para que podamos identificar tu consulta [&hellip;]<\/p>\n","protected":false},"author":1,"featured_media":0,"parent":0,"menu_order":0,"comment_status":"closed","ping_status":"closed","template":"","meta":{"footnotes":""},"yoast_head":"<!-- This site is optimized with the Yoast SEO plugin v21.5 - https:\/\/yoast.com\/wordpress\/plugins\/seo\/ -->\n<title>Contacto - Tuja Wellness<\/title>\n<meta name=\"robots\" content=\"index, follow, max-snippet:-1, max-image-preview:large, max-video-preview:-1\" \/>\n<link rel=\"canonical\" href=\"https:\/\/tujawellness.com\/news\/contacto\/\" \/>\n<meta property=\"og:locale\" content=\"es_ES\" \/>\n<meta property=\"og:type\" content=\"article\" \/>\n<meta property=\"og:title\" content=\"Contacto - Tuja Wellness\" \/>\n<meta property=\"og:description\" content=\"Agradecemos mucho tus comentarios y esperamos recibir contacto de tu parte. Si deseas ponerte en contacto con nosotros o tienes comentarios sobre nuestro sitio web, te invitamos a escribirnos a la direcci\u00f3n de correo electr\u00f3nico que se muestra a continuaci\u00f3n. Por favor, utiliza un asunto claro en tu mensaje para que podamos identificar tu consulta [&hellip;]\" \/>\n<meta property=\"og:url\" content=\"https:\/\/tujawellness.com\/news\/contacto\/\" \/>\n<meta property=\"og:site_name\" content=\"Tuja Wellness\" \/>\n<meta name=\"twitter:card\" content=\"summary_large_image\" \/>\n<meta name=\"twitter:label1\" content=\"Tiempo de lectura\" \/>\n\t<meta name=\"twitter:data1\" content=\"1 minuto\" \/>\n<script type=\"application\/ld+json\" class=\"yoast-schema-graph\">{\"@context\":\"https:\/\/schema.org\",\"@graph\":[{\"@type\":\"WebPage\",\"@id\":\"https:\/\/tujawellness.com\/news\/contacto\/\",\"url\":\"https:\/\/tujawellness.com\/news\/contacto\/\",\"name\":\"Contacto - Tuja Wellness\",\"isPartOf\":{\"@id\":\"https:\/\/tujawellness.com\/news\/#website\"},\"datePublished\":\"2023-11-02T14:53:02+00:00\",\"dateModified\":\"2023-11-02T14:53:02+00:00\",\"breadcrumb\":{\"@id\":\"https:\/\/tujawellness.com\/news\/contacto\/#breadcrumb\"},\"inLanguage\":\"es\",\"potentialAction\":[{\"@type\":\"ReadAction\",\"target\":[\"https:\/\/tujawellness.com\/news\/contacto\/\"]}]},{\"@type\":\"BreadcrumbList\",\"@id\":\"https:\/\/tujawellness.com\/news\/contacto\/#breadcrumb\",\"itemListElement\":[{\"@type\":\"ListItem\",\"position\":1,\"name\":\"Home\",\"item\":\"https:\/\/tujawellness.com\/news\/\"},{\"@type\":\"ListItem\",\"position\":2,\"name\":\"Contacto\"}]},{\"@type\":\"WebSite\",\"@id\":\"https:\/\/tujawellness.com\/news\/#website\",\"url\":\"https:\/\/tujawellness.com\/news\/\",\"name\":\"Tuja Wellness\",\"description\":\"News\",\"potentialAction\":[{\"@type\":\"SearchAction\",\"target\":{\"@type\":\"EntryPoint\",\"urlTemplate\":\"https:\/\/tujawellness.com\/news\/?s={search_term_string}\"},\"query-input\":\"required name=search_term_string\"}],\"inLanguage\":\"es\"}]}<\/script>\n<!-- \/ Yoast SEO plugin. -->","yoast_head_json":{"title":"Contacto - Tuja Wellness","robots":{"index":"index","follow":"follow","max-snippet":"max-snippet:-1","max-image-preview":"max-image-preview:large","max-video-preview":"max-video-preview:-1"},"canonical":"https:\/\/tujawellness.com\/news\/contacto\/","og_locale":"es_ES","og_type":"article","og_title":"Contacto - Tuja Wellness","og_description":"Agradecemos mucho tus comentarios y esperamos recibir contacto de tu parte. Si deseas ponerte en contacto con nosotros o tienes comentarios sobre nuestro sitio web, te invitamos a escribirnos a la direcci\u00f3n de correo electr\u00f3nico que se muestra a continuaci\u00f3n. Por favor, utiliza un asunto claro en tu mensaje para que podamos identificar tu consulta [&hellip;]","og_url":"https:\/\/tujawellness.com\/news\/contacto\/","og_site_name":"Tuja Wellness","twitter_card":"summary_large_image","twitter_misc":{"Tiempo de lectura":"1 minuto"},"schema":{"@context":"https:\/\/schema.org","@graph":[{"@type":"WebPage","@id":"https:\/\/tujawellness.com\/news\/contacto\/","url":"https:\/\/tujawellness.com\/news\/contacto\/","name":"Contacto - Tuja Wellness","isPartOf":{"@id":"https:\/\/tujawellness.com\/news\/#website"},"datePublished":"2023-11-02T14:53:02+00:00","dateModified":"2023-11-02T14:53:02+00:00","breadcrumb":{"@id":"https:\/\/tujawellness.com\/news\/contacto\/#breadcrumb"},"inLanguage":"es","potentialAction":[{"@type":"ReadAction","target":["https:\/\/tujawellness.com\/news\/contacto\/"]}]},{"@type":"BreadcrumbList","@id":"https:\/\/tujawellness.com\/news\/contacto\/#breadcrumb","itemListElement":[{"@type":"ListItem","position":1,"name":"Home","item":"https:\/\/tujawellness.com\/news\/"},{"@type":"ListItem","position":2,"name":"Contacto"}]},{"@type":"WebSite","@id":"https:\/\/tujawellness.com\/news\/#website","url":"https:\/\/tujawellness.com\/news\/","name":"Tuja Wellness","description":"News","potentialAction":[{"@type":"SearchAction","target":{"@type":"EntryPoint","urlTemplate":"https:\/\/tujawellness.com\/news\/?s={search_term_string}"},"query-input":"required name=search_term_string"}],"inLanguage":"es"}]}},"_links":{"self":[{"href":"https:\/\/tujawellness.com\/news\/wp-json\/wp\/v2\/pages\/11"}],"collection":[{"href":"https:\/\/tujawellness.com\/news\/wp-json\/wp\/v2\/pages"}],"about":[{"href":"https:\/\/tujawellness.com\/news\/wp-json\/wp\/v2\/types\/page"}],"author":[{"embeddable":true,"href":"https:\/\/tujawellness.com\/news\/wp-json\/wp\/v2\/users\/1"}],"replies":[{"embeddable":true,"href":"https:\/\/tujawellness.com\/news\/wp-json\/wp\/v2\/comments?post=11"}],"version-history":[{"count":1,"href":"https:\/\/tujawellness.com\/news\/wp-json\/wp\/v2\/pages\/11\/revisions"}],"predecessor-version":[{"id":12,"href":"https:\/\/tujawellness.com\/news\/wp-json\/wp\/v2\/pages\/11\/revisions\/12"}],"wp:attachment":[{"href":"https:\/\/tujawellness.com\/news\/wp-json\/wp\/v2\/media?parent=11"}],"curies":[{"name":"wp","href":"https:\/\/api.w.org\/{rel}","templated":true}]}}