{"id":9,"date":"2023-11-02T15:26:47","date_gmt":"2023-11-02T14:26:47","guid":{"rendered":"https:\/\/tujawellness.com\/news\/?page_id=9"},"modified":"2023-11-02T15:26:47","modified_gmt":"2023-11-02T14:26:47","slug":"condiciones-de-uso","status":"publish","type":"page","link":"https:\/\/tujawellness.com\/news\/condiciones-de-uso\/","title":{"rendered":"Condiciones de uso"},"content":{"rendered":"<p>Por supuesto, aqu\u00ed est\u00e1 el texto con las referencias reemplazadas:<\/p>\n<p>Por favor, revise con atenci\u00f3n estos detalles antes de utilizar este servicio.<\/p>\n<p>El acceso y uso de este servicio est\u00e1n sujetos a su consentimiento y a la aceptaci\u00f3n de estos t\u00e9rminos. Estos t\u00e9rminos son aplicables a todos los visitantes, usuarios y cualquier persona que acceda o utilice este servicio.<\/p>\n<p>Al acceder o utilizar este servicio, usted acepta cumplir con estos t\u00e9rminos. Si no est\u00e1 de acuerdo con alguna parte de estos t\u00e9rminos, le recomendamos que deje de acceder a este servicio.<\/p>\n<p>Derechos de Propiedad Intelectual<br \/>\nEl servicio y su contenido original son propiedad intelectual de https:\/\/tujawellness.com y el propietario con licencia de este servicio. Este servicio est\u00e1 protegido por derechos de autor, derechos de marca comercial y otras leyes en Islandia y otros pa\u00edses. No se permite el uso de nuestros derechos y logotipos sin el permiso de https:\/\/tujawellness.com.<\/p>\n<p>Enlaces a Otros Sitios Web<br \/>\nNuestro servicio puede contener enlaces a sitios web o servicios de terceros que no est\u00e1n bajo el control ni la propiedad de https:\/\/tujawellness.com.<\/p>\n<p>https:\/\/tujawellness.com no tiene control sobre el contenido, la pol\u00edtica de privacidad ni las pr\u00e1cticas de sitios web o servicios de terceros. Usted reconoce y acepta que https:\/\/tujawellness.com no ser\u00e1 responsable de ninguna manera por da\u00f1os o p\u00e9rdidas que resulten o se relacionen con el contenido de productos o servicios disponibles a trav\u00e9s de dichos sitios web o servicios.<\/p>\n<p>Le recomendamos revisar los t\u00e9rminos y la pol\u00edtica de privacidad de los sitios web o servicios de terceros que visite.<\/p>\n<p>Finalizaci\u00f3n<br \/>\nPodemos dar por terminado o suspender su acceso a este servicio de inmediato, sin previo aviso ni responsabilidad por cualquier motivo, incluyendo, entre otros, el incumplimiento de los t\u00e9rminos.<\/p>\n<p>Al finalizar, debe cesar inmediatamente el uso de este servicio.<\/p>\n<p>Limitaci\u00f3n de Responsabilidad<br \/>\nEn \u00faltima instancia, https:\/\/tujawellness.com, incluyendo sus directores, empleados, socios, agentes, proveedores o afiliados, no ser\u00e1n responsables por da\u00f1os indirectos o consecuentes de ning\u00fan tipo, incluyendo, entre otros, p\u00e9rdidas de ganancias, datos, uso o buena voluntad, ya sea por contrato o agravio (incluido el incumplimiento) o de otra manera, incluso si se le ha advertido sobre la posibilidad de tales da\u00f1os.<\/p>\n<p>Uso bajo su Propio Riesgo<br \/>\nSu uso de este servicio es bajo su propio riesgo. Este servicio se proporciona \u00abtal cual\u00bb y \u00abseg\u00fan disponibilidad\u00bb. Este servicio se proporciona sin garant\u00edas, expresas o impl\u00edcitas, incluyendo, entre otras, las garant\u00edas impl\u00edcitas de comerciabilidad, idoneidad para un prop\u00f3sito particular, no infracci\u00f3n o calidad comercial.<\/p>\n<p>https:\/\/tujawellness.com, incluyendo los socios comerciales, no garantiza que (a) el servicio funcione sin interrupciones, sea seguro o est\u00e9 disponible en un momento o lugar particulares; (b) cualquier error o defecto se corrija; (c) el servicio est\u00e9 libre de virus o componentes da\u00f1inos; o (d) los resultados del uso del servicio cumplan con sus requisitos.<\/p>\n","protected":false},"excerpt":{"rendered":"<p>Por supuesto, aqu\u00ed est\u00e1 el texto con las referencias reemplazadas: Por favor, revise con atenci\u00f3n estos detalles antes de utilizar este servicio. El acceso y uso de este servicio est\u00e1n sujetos a su consentimiento y a la aceptaci\u00f3n de estos t\u00e9rminos. Estos t\u00e9rminos son aplicables a todos los visitantes, usuarios y cualquier persona que acceda [&hellip;]<\/p>\n","protected":false},"author":1,"featured_media":0,"parent":0,"menu_order":0,"comment_status":"closed","ping_status":"closed","template":"","meta":{"footnotes":""},"yoast_head":"<!-- This site is optimized with the Yoast SEO plugin v21.5 - https:\/\/yoast.com\/wordpress\/plugins\/seo\/ -->\n<title>Condiciones de uso - Tuja Wellness<\/title>\n<meta name=\"robots\" content=\"index, follow, max-snippet:-1, max-image-preview:large, max-video-preview:-1\" \/>\n<link rel=\"canonical\" href=\"https:\/\/tujawellness.com\/news\/condiciones-de-uso\/\" \/>\n<meta property=\"og:locale\" content=\"es_ES\" \/>\n<meta property=\"og:type\" content=\"article\" \/>\n<meta property=\"og:title\" content=\"Condiciones de uso - Tuja Wellness\" \/>\n<meta property=\"og:description\" content=\"Por supuesto, aqu\u00ed est\u00e1 el texto con las referencias reemplazadas: Por favor, revise con atenci\u00f3n estos detalles antes de utilizar este servicio. El acceso y uso de este servicio est\u00e1n sujetos a su consentimiento y a la aceptaci\u00f3n de estos t\u00e9rminos. Estos t\u00e9rminos son aplicables a todos los visitantes, usuarios y cualquier persona que acceda [&hellip;]\" \/>\n<meta property=\"og:url\" content=\"https:\/\/tujawellness.com\/news\/condiciones-de-uso\/\" \/>\n<meta property=\"og:site_name\" content=\"Tuja Wellness\" \/>\n<meta name=\"twitter:card\" content=\"summary_large_image\" \/>\n<meta name=\"twitter:label1\" content=\"Tiempo de lectura\" \/>\n\t<meta name=\"twitter:data1\" content=\"3 minutos\" \/>\n<script type=\"application\/ld+json\" class=\"yoast-schema-graph\">{\"@context\":\"https:\/\/schema.org\",\"@graph\":[{\"@type\":\"WebPage\",\"@id\":\"https:\/\/tujawellness.com\/news\/condiciones-de-uso\/\",\"url\":\"https:\/\/tujawellness.com\/news\/condiciones-de-uso\/\",\"name\":\"Condiciones de uso - Tuja Wellness\",\"isPartOf\":{\"@id\":\"https:\/\/tujawellness.com\/news\/#website\"},\"datePublished\":\"2023-11-02T14:26:47+00:00\",\"dateModified\":\"2023-11-02T14:26:47+00:00\",\"breadcrumb\":{\"@id\":\"https:\/\/tujawellness.com\/news\/condiciones-de-uso\/#breadcrumb\"},\"inLanguage\":\"es\",\"potentialAction\":[{\"@type\":\"ReadAction\",\"target\":[\"https:\/\/tujawellness.com\/news\/condiciones-de-uso\/\"]}]},{\"@type\":\"BreadcrumbList\",\"@id\":\"https:\/\/tujawellness.com\/news\/condiciones-de-uso\/#breadcrumb\",\"itemListElement\":[{\"@type\":\"ListItem\",\"position\":1,\"name\":\"Home\",\"item\":\"https:\/\/tujawellness.com\/news\/\"},{\"@type\":\"ListItem\",\"position\":2,\"name\":\"Condiciones de uso\"}]},{\"@type\":\"WebSite\",\"@id\":\"https:\/\/tujawellness.com\/news\/#website\",\"url\":\"https:\/\/tujawellness.com\/news\/\",\"name\":\"Tuja Wellness\",\"description\":\"News\",\"potentialAction\":[{\"@type\":\"SearchAction\",\"target\":{\"@type\":\"EntryPoint\",\"urlTemplate\":\"https:\/\/tujawellness.com\/news\/?s={search_term_string}\"},\"query-input\":\"required name=search_term_string\"}],\"inLanguage\":\"es\"}]}<\/script>\n<!-- \/ Yoast SEO plugin. -->","yoast_head_json":{"title":"Condiciones de uso - Tuja Wellness","robots":{"index":"index","follow":"follow","max-snippet":"max-snippet:-1","max-image-preview":"max-image-preview:large","max-video-preview":"max-video-preview:-1"},"canonical":"https:\/\/tujawellness.com\/news\/condiciones-de-uso\/","og_locale":"es_ES","og_type":"article","og_title":"Condiciones de uso - Tuja Wellness","og_description":"Por supuesto, aqu\u00ed est\u00e1 el texto con las referencias reemplazadas: Por favor, revise con atenci\u00f3n estos detalles antes de utilizar este servicio. El acceso y uso de este servicio est\u00e1n sujetos a su consentimiento y a la aceptaci\u00f3n de estos t\u00e9rminos. Estos t\u00e9rminos son aplicables a todos los visitantes, usuarios y cualquier persona que acceda [&hellip;]","og_url":"https:\/\/tujawellness.com\/news\/condiciones-de-uso\/","og_site_name":"Tuja Wellness","twitter_card":"summary_large_image","twitter_misc":{"Tiempo de lectura":"3 minutos"},"schema":{"@context":"https:\/\/schema.org","@graph":[{"@type":"WebPage","@id":"https:\/\/tujawellness.com\/news\/condiciones-de-uso\/","url":"https:\/\/tujawellness.com\/news\/condiciones-de-uso\/","name":"Condiciones de uso - Tuja Wellness","isPartOf":{"@id":"https:\/\/tujawellness.com\/news\/#website"},"datePublished":"2023-11-02T14:26:47+00:00","dateModified":"2023-11-02T14:26:47+00:00","breadcrumb":{"@id":"https:\/\/tujawellness.com\/news\/condiciones-de-uso\/#breadcrumb"},"inLanguage":"es","potentialAction":[{"@type":"ReadAction","target":["https:\/\/tujawellness.com\/news\/condiciones-de-uso\/"]}]},{"@type":"BreadcrumbList","@id":"https:\/\/tujawellness.com\/news\/condiciones-de-uso\/#breadcrumb","itemListElement":[{"@type":"ListItem","position":1,"name":"Home","item":"https:\/\/tujawellness.com\/news\/"},{"@type":"ListItem","position":2,"name":"Condiciones de uso"}]},{"@type":"WebSite","@id":"https:\/\/tujawellness.com\/news\/#website","url":"https:\/\/tujawellness.com\/news\/","name":"Tuja Wellness","description":"News","potentialAction":[{"@type":"SearchAction","target":{"@type":"EntryPoint","urlTemplate":"https:\/\/tujawellness.com\/news\/?s={search_term_string}"},"query-input":"required name=search_term_string"}],"inLanguage":"es"}]}},"_links":{"self":[{"href":"https:\/\/tujawellness.com\/news\/wp-json\/wp\/v2\/pages\/9"}],"collection":[{"href":"https:\/\/tujawellness.com\/news\/wp-json\/wp\/v2\/pages"}],"about":[{"href":"https:\/\/tujawellness.com\/news\/wp-json\/wp\/v2\/types\/page"}],"author":[{"embeddable":true,"href":"https:\/\/tujawellness.com\/news\/wp-json\/wp\/v2\/users\/1"}],"replies":[{"embeddable":true,"href":"https:\/\/tujawellness.com\/news\/wp-json\/wp\/v2\/comments?post=9"}],"version-history":[{"count":1,"href":"https:\/\/tujawellness.com\/news\/wp-json\/wp\/v2\/pages\/9\/revisions"}],"predecessor-version":[{"id":10,"href":"https:\/\/tujawellness.com\/news\/wp-json\/wp\/v2\/pages\/9\/revisions\/10"}],"wp:attachment":[{"href":"https:\/\/tujawellness.com\/news\/wp-json\/wp\/v2\/media?parent=9"}],"curies":[{"name":"wp","href":"https:\/\/api.w.org\/{rel}","templated":true}]}}